{"id":31,"date":"2018-04-11T08:33:20","date_gmt":"2018-04-11T08:33:20","guid":{"rendered":"http:\/\/www.earlymodernworkinprogress.org\/?page_id=31"},"modified":"2021-02-02T18:07:27","modified_gmt":"2021-02-02T18:07:27","slug":"past-events","status":"publish","type":"page","link":"https:\/\/www.earlymodernworkinprogress.org\/?page_id=31","title":{"rendered":"Past Events"},"content":{"rendered":"\n<p><strong>2020<\/strong><\/p>\n\n\n\n<p><span style=\"text-decoration: underline;\">30 March<\/span><\/p>\n\n\n\n<p>Online Check-In Session<\/p>\n\n\n\n<p><span style=\"text-decoration: underline;\">27 February<\/span><\/p>\n\n\n\n<p>PhD Workshop<\/p>\n\n\n\n<p>Anna Parker (Cambridge), Holly Fletcher (Cambridge), Laura Roberts (Oxford)<\/p>\n\n\n\n<p><span style=\"text-decoration: underline;\">30 January<\/span><\/p>\n\n\n\n<p>Jan Machielsen (History, Cardiff)<\/p>\n\n\n\n<p>Liesbeth Corens (History, QMUL)<\/p>\n\n\n\n<p><strong>2019<\/strong><\/p>\n\n\n\n<p><span style=\"text-decoration: underline;\">12 December (UCL)<\/span><\/p>\n\n\n\n<p>Laura Gowing (History, KCL)<\/p>\n\n\n\n<p>Filippo de Vivo (History, Birkbeck)<\/p>\n\n\n\n<p><span style=\"text-decoration: underline;\">21 November (QMUL)<\/span><\/p>\n\n\n\n<p>Morgan Ng (JRF, History of Art and Architecture, Cambridge) on Renaissance Macroinfrastructures<\/p>\n\n\n\n<p><span style=\"text-decoration: underline;\">17 October (Birkbeck)<\/span><\/p>\n\n\n\n<p>Edmund Wareham (History, Cambridge), &#8220;The Convent and its Peasants&#8221;<\/p>\n\n\n\n<p>Suzanna Ivani\u010d (History, Kent) &#8220;Rethinking religion with objects in Prague&#8221;<\/p>\n\n\n\n<p><span style=\"text-decoration: underline;\">25 April (UCL)<\/span><\/p>\n\n\n\n<p>Hannah Briscoe (PhD candidate, History, Birmingham),&nbsp;Biblical Literature for Children in German Lutheranism<\/p>\n\n\n\n<p><span style=\"text-decoration: underline;\">21 March (UCL)<\/span><\/p>\n\n\n\n<p>Erin Maglaque (History, Sheffield), &#8220;The Body and Political Thought in Renaissance Venice&#8221;<\/p>\n\n\n\n<p><span style=\"text-decoration: underline;\">21 February (UCL)<\/span><\/p>\n\n\n\n<p>Jacqueline Glomski (Center for Editing Lives and Letters, UCL), &#8216;Libraries and Religion in the 17th Century&#8217;<\/p>\n\n\n\n<p>Group Discussion: goal-setting, research plans, trouble-shooting<\/p>\n\n\n\n<p><span style=\"text-decoration: underline;\">24 January (UCL)<\/span><\/p>\n\n\n\n<p>Giacomo Giudici (Warburg Institute), &#8220;Deploying Paper as a Performance of Power: The Sforza, Dukes of Milan (1450-1535)&#8221;<\/p>\n\n\n\n<p>Andrew Chen (Cambridge, History of Art),&#8217; An Italian Friar&#8217;s Problem with Images, ca. 1500&#8242;<\/p>\n\n\n\n<p><strong>2018<\/strong><\/p>\n\n\n\n<p><span style=\"text-decoration-line: underline;\">14 December (UCL)<\/span><\/p>\n\n\n\n<p>Lucian Staiano-Daniels<\/p>\n\n\n\n<p>Helen Kemp<\/p>\n\n\n\n<p><span style=\"text-decoration: underline;\">15 November (UCL)<\/span><\/p>\n\n\n\n<p>Jaap Geraerts (Center for Editing Lives and Letters, UCL), &#8216;Sacred space in the Dutch Republic: Catholics and their churches&#8217;<\/p>\n\n\n\n<p><span style=\"text-decoration: underline;\">19 October (UCL)<\/span><\/p>\n\n\n\n<p>Solene Rivoal<\/p>\n\n\n\n<p>Anna Gialdini<\/p>\n\n\n\n<p><span style=\"text-decoration: underline;\">27 September (UCL)<\/span><\/p>\n\n\n\n<p>shorter pieces workshop: book proposals, etc.<\/p>\n\n\n\n<p><span style=\"text-decoration: underline;\">23 July<\/span><\/p>\n\n\n\n<p>Matthew Champion (History, Birkbeck) on Erasmus&#8217;s bells<\/p>\n\n\n\n<p><span style=\"text-decoration: underline;\"><span style=\"font-weight: 400;\">9 May (KCL)<\/span><\/span><\/p>\n\n\n\n<p><span style=\"font-weight: 400;\">Lyndal Roper (History, Oxford) on Luther and the Jews<\/span><\/p>\n\n\n\n<p><span style=\"text-decoration: underline;\">25 April (KCL)<\/span><\/p>\n\n\n\n<p>Joan Redmond (History, KCL) on conversion and the 1641 Irish Rebellion<\/p>\n\n\n\n<p>Jess Balls (History, PhD candidate, UEA) on air pollution and sensory impairment in eighteenth-century London<\/p>\n\n\n\n<p><span style=\"text-decoration: underline;\"><span style=\"font-weight: 400;\">1 February (KCL)<\/span><\/span><\/p>\n\n\n\n<p><span style=\"font-weight: 400;\">Regine Maritz (History, DHI Paris) on&nbsp;<\/span><span style=\"font-weight: 400;\">Sibylla von Anhalt and Friedrich of Wu\u0308rttemberg (m. 1581-1608)<\/span><\/p>\n\n\n\n<p><strong>2017<\/strong><\/p>\n\n\n\n<p><span style=\"font-weight: 400;\"><span style=\"text-decoration: underline;\">23 November (UCL)<\/span><\/span><\/p>\n\n\n\n<p><span style=\"font-weight: 400;\">Allison Stielau (History of Art, UCL) on Anabaptist currency<\/span><\/p>\n\n\n\n<p><span style=\"text-decoration: underline;\"><span style=\"font-weight: 400;\">24 October (UCL)<\/span><\/span><\/p>\n\n\n\n<p><span style=\"font-weight: 400;\">Tom T\u00f6elle (PhD Candidate, History, Princeton) on royal frailty<\/span><span style=\"font-weight: 400;\">&nbsp;at the court of Charles II of Spain<\/span><\/p>\n\n\n\n<p><span style=\"text-decoration: underline;\"><span style=\"font-weight: 400;\">22 September (UCL)<\/span><\/span><\/p>\n\n\n\n<p>Hannah Murphy (History, Renaissance Skin, KCL) on artisanal culture in Nuremberg<\/p>\n\n\n\n<p>Goal-setting Workshop<\/p>\n\n\n\n<p><span style=\"text-decoration: underline;\"><span style=\"font-weight: 400;\">17 August (KCL)<\/span><\/span><\/p>\n\n\n\n<p><span style=\"font-weight: 400;\">Kat Hill (History, Birkbeck) on mapping Lutheran memory<\/span><\/p>\n\n\n\n<p><span style=\"text-decoration: underline;\">21 June (KCL)<\/span><\/p>\n\n\n\n<p><span style=\"font-weight: 400;\">R\u00f3is\u00edn Watson (History, Leibniz-Institut f\u00fcr europ\u00e4ische Geschichte) on contemplation in&nbsp;<\/span><span style=\"font-weight: 400;\">seventeenth-century Germany<\/span><\/p>\n","protected":false},"excerpt":{"rendered":"<p>2020 30 March Online Check-In Session 27 February PhD Workshop Anna Parker (Cambridge), Holly Fletcher (Cambridge), Laura Roberts (Oxford) 30 January Jan Machielsen (History, Cardiff) Liesbeth Corens (History, QMUL) 2019 12 December (UCL) Laura Gowing (History, KCL) Filippo de Vivo (History, Birkbeck) 21 November (QMUL) Morgan Ng (JRF, History of Art and Architecture, Cambridge) on &hellip; <\/p>\n<p class=\"link-more\"><a href=\"https:\/\/www.earlymodernworkinprogress.org\/?page_id=31\" class=\"more-link\">Continue reading<span class=\"screen-reader-text\"> &#8220;Past Events&#8221;<\/span><\/a><\/p>\n","protected":false},"author":1,"featured_media":0,"parent":0,"menu_order":0,"comment_status":"closed","ping_status":"closed","template":"","meta":{"footnotes":""},"class_list":["post-31","page","type-page","status-publish","hentry"],"_links":{"self":[{"href":"https:\/\/www.earlymodernworkinprogress.org\/index.php?rest_route=\/wp\/v2\/pages\/31","targetHints":{"allow":["GET"]}}],"collection":[{"href":"https:\/\/www.earlymodernworkinprogress.org\/index.php?rest_route=\/wp\/v2\/pages"}],"about":[{"href":"https:\/\/www.earlymodernworkinprogress.org\/index.php?rest_route=\/wp\/v2\/types\/page"}],"author":[{"embeddable":true,"href":"https:\/\/www.earlymodernworkinprogress.org\/index.php?rest_route=\/wp\/v2\/users\/1"}],"replies":[{"embeddable":true,"href":"https:\/\/www.earlymodernworkinprogress.org\/index.php?rest_route=%2Fwp%2Fv2%2Fcomments&post=31"}],"version-history":[{"count":34,"href":"https:\/\/www.earlymodernworkinprogress.org\/index.php?rest_route=\/wp\/v2\/pages\/31\/revisions"}],"predecessor-version":[{"id":167,"href":"https:\/\/www.earlymodernworkinprogress.org\/index.php?rest_route=\/wp\/v2\/pages\/31\/revisions\/167"}],"wp:attachment":[{"href":"https:\/\/www.earlymodernworkinprogress.org\/index.php?rest_route=%2Fwp%2Fv2%2Fmedia&parent=31"}],"curies":[{"name":"wp","href":"https:\/\/api.w.org\/{rel}","templated":true}]}}