{"id":62,"date":"2018-04-11T09:24:06","date_gmt":"2018-04-11T09:24:06","guid":{"rendered":"http:\/\/www.earlymodernworkinprogress.org\/?page_id=62"},"modified":"2021-02-02T18:07:27","modified_gmt":"2021-02-02T18:07:27","slug":"participant-bios","status":"publish","type":"page","link":"https:\/\/www.earlymodernworkinprogress.org\/?page_id=62","title":{"rendered":"Founding Members"},"content":{"rendered":"<p><a href=\"http:\/\/www.bbk.ac.uk\/history\/our-staff\/academic-staff\/dr-kat-hill\">Kat Hill<\/a><\/p>\n<p>Kat Hill is Lecturer in Early Modern History at Birkbeck College and works on the history of religion, identity and culture in the early modern world, specialising particularly in the Protestant Reformation and its legacies. She did her undergraduate degree, Masters and DPhil at the University of Oxford, and was a British Academy Post-Doctoral scholar at Oriel College, Oxford. Before starting her current job at Birkbeck in September 2017, she also worked as a Lecturer at UEA. She has published several articles and a <a href=\"https:\/\/global.oup.com\/academic\/product\/baptism-brotherhood-and-belief-in-reformation-germany-9780198733546?cc=gb&amp;lang=en&amp;\">monograph<\/a> on Anabaptist and radical identities in the Reformation era, and her recent research on Lutheran culture after Luther\u2019s death produced a <a href=\"https:\/\/academic.oup.com\/past\/issue\/234\/suppl_12\">volume<\/a> in the Past and Present supplement series. Her current research examines the transitory identities of radical groups such as the Mennonites and Hutterites in the early modern world as they formed new communities, faced exile or migrated, and constructed their own historical, emotional, and cultural identities in transnational contexts.<\/p>\n<p><span style=\"font-weight: 400;\"><a href=\"https:\/\/renaissanceskin.ac.uk\/about\/#person45\">Hannah Murphy<\/a><\/span><\/p>\n<p><span style=\"font-weight: 400;\">Hannah is a historian of early modern knowledge practices, with a special focus on science and medicine in Europe. She did her undergraduate degree in her home country of Ireland (TCD), and was a Fulbright scholar for her PhD at the University of California, Berkeley before moving to England. Before moving to King\u2019s College London in 2017, she held a Junior Research Fellowship in Oriel College, Oxford. She is currently the Senior Postdoctoral Research Fellow on the collaborative, Wellcome-funded project, <a href=\"https:\/\/renaissanceskin.ac.uk\/\">Renaissance Skin<\/a> at King\u2019s College London. Hannah is currently interested in writing practices, (especially calligraphy), record-keeping and material culture, and what such sources can tell us about political culture, medicine and the body in the sixteenth century. Her book, <a href=\"https:\/\/upittpress.org\/books\/9780822945604\/\">A New Order of Medicine: The Rise of Physicians in Reformation Nuremberg<\/a>, was published by University of Pittsburgh Press in 2019.<\/span><\/p>\n<p><a href=\"http:\/\/astielau.com\">Allison Stielau<\/a><\/p>\n<p>Allison Stielau is Lecturer in the History of Early Modern Art at\u00a0<a href=\"https:\/\/www.ucl.ac.uk\/art-history\" target=\"_blank\" rel=\"noopener noreferrer\">University College London<\/a>. Her focus of study is object cultures in Northern Europe, c. 1400\u20131700. After receiving\u00a0her PhD from Yale University, she was a\u00a0Postdoctoral Fellow with the\u00a0<a href=\"http:\/\/earlymodernconversions.com\/\" target=\"_blank\" rel=\"noopener noreferrer\">Early Modern Conversions Project<\/a>\u00a0at McGill University. She holds a bachelor\u2019s degree in English from Yale and a master\u2019s degree in the History of Decorative Arts and Material Culture from the Bard Graduate Center and was a fellow at the Getty Research Institute in\u00a02014\u20132015. She has published\u00a0<a href=\"http:\/\/www.astielau.com\/publications\/\" target=\"_blank\" rel=\"noopener noreferrer\">articles<\/a>\u00a0on leather \u00e9tuis, fifteenth-century engravings of metalwork, and, most recently, on weight as a category of historical and art historical evidence. Her current work concerns\u00a0metallic transformation, from the representation of Ovidian metamorphosis on seventeenth-century silver vessels, to the conversion of coins into printed illustrations.<\/p>\n<p><span style=\"text-decoration: underline;\">R\u00f3is\u00edn Watson<\/span><\/p>\n<p>R\u00f3is\u00edn is a Departmental Lecturer in Early Modern History at the University of Oxford. Her research concentrates on the visual and material expressions of religious identity during the German Reformation. She received her undergraduate and master\u2019s degrees from Oxford before moving to St Andrews to pursue doctoral work. Since submitting her PhD she has been a postdoctoral fellow at the Society for Renaissance Studies and at the Leibniz-Institut f\u00fcr europ\u00e4ische Geschichte in Mainz. R\u00f3is\u00edn is interested in the ways in which visual cultures intersected with the construction of early modern European communities, the creation and consolidation of confessional memory, and the interplay between civic culture and confessionalisation. She has contributed a piece on Lutheran funeral monuments to the<a title=\"\" href=\"https:\/\/eur01.safelinks.protection.outlook.com\/?url=https%3A%2F%2Facademic.oup.com%2Fpast%2Fissue%2F234%2Fsuppl_12&amp;data=02%7C01%7C%7Cb3b24138395942ead87608d76decdc0b%7C1faf88fea9984c5b93c9210a11d9a5c2%7C0%7C0%7C637098736389814649&amp;sdata=L7Ug91atnZoB2DzUgytzhD20ZOeXv1zyAAwZa9QTUTw%3D&amp;reserved=0\" target=\"_blank\" rel=\"noopener noreferrer\" data-auth=\"VerificationFailed\">\u00a0volume<\/a>\u00a0in the Past &amp; Present supplement series on Lutheran culture (2017). She is also thinking about early modern shells and grotto construction.<\/p>\n","protected":false},"excerpt":{"rendered":"<p>Kat Hill Kat Hill is Lecturer in Early Modern History at Birkbeck College and works on the history of religion, identity and culture in the early modern world, specialising particularly in the Protestant Reformation and its legacies. She did her undergraduate degree, Masters and DPhil at the University of Oxford, and was a British Academy &hellip; <\/p>\n<p class=\"link-more\"><a href=\"https:\/\/www.earlymodernworkinprogress.org\/?page_id=62\" class=\"more-link\">Continue reading<span class=\"screen-reader-text\"> &#8220;Founding Members&#8221;<\/span><\/a><\/p>\n","protected":false},"author":1,"featured_media":0,"parent":0,"menu_order":0,"comment_status":"closed","ping_status":"closed","template":"","meta":{"footnotes":""},"class_list":["post-62","page","type-page","status-publish","hentry"],"_links":{"self":[{"href":"https:\/\/www.earlymodernworkinprogress.org\/index.php?rest_route=\/wp\/v2\/pages\/62","targetHints":{"allow":["GET"]}}],"collection":[{"href":"https:\/\/www.earlymodernworkinprogress.org\/index.php?rest_route=\/wp\/v2\/pages"}],"about":[{"href":"https:\/\/www.earlymodernworkinprogress.org\/index.php?rest_route=\/wp\/v2\/types\/page"}],"author":[{"embeddable":true,"href":"https:\/\/www.earlymodernworkinprogress.org\/index.php?rest_route=\/wp\/v2\/users\/1"}],"replies":[{"embeddable":true,"href":"https:\/\/www.earlymodernworkinprogress.org\/index.php?rest_route=%2Fwp%2Fv2%2Fcomments&post=62"}],"version-history":[{"count":14,"href":"https:\/\/www.earlymodernworkinprogress.org\/index.php?rest_route=\/wp\/v2\/pages\/62\/revisions"}],"predecessor-version":[{"id":177,"href":"https:\/\/www.earlymodernworkinprogress.org\/index.php?rest_route=\/wp\/v2\/pages\/62\/revisions\/177"}],"wp:attachment":[{"href":"https:\/\/www.earlymodernworkinprogress.org\/index.php?rest_route=%2Fwp%2Fv2%2Fmedia&parent=62"}],"curies":[{"name":"wp","href":"https:\/\/api.w.org\/{rel}","templated":true}]}}